{"id":1212,"date":"2015-10-20T16:02:37","date_gmt":"2015-10-20T16:02:37","guid":{"rendered":"http:\/\/www.la-cagouille.com\/en\/politique-dutilisation-de-cookies\/"},"modified":"2015-11-23T14:05:57","modified_gmt":"2015-11-23T14:05:57","slug":"politique-dutilisation-de-cookies","status":"publish","type":"page","link":"https:\/\/www.la-cagouille.com\/en\/politique-dutilisation-de-cookies\/","title":{"rendered":"Politique d&#8217;utilisation de cookies"},"content":{"rendered":"<h2>Politique d&#8217;utilisation de cookies<\/h2>\n<p>Le site que vous visitez utilise des traceurs (cookies). Ainsi, le site est susceptible d&#8217;acc\u00e9der \u00e0 des informations d\u00e9j\u00e0 stock\u00e9es dans votre \u00e9quipement terminal de communications \u00e9lectroniques et d&#8217;y inscrire des informations.<\/p>\n<p>Les traceurs utilis\u00e9s par le site rel\u00e8vent de deux cat\u00e9gories :<\/p>\n<p>&#8211; traceurs dits strictement n\u00e9cessaires, qui ne n\u00e9cessitent pas votre consentement pr\u00e9alable,<\/p>\n<p>&#8211; autres traceurs soumis \u00e0 votre consentement pr\u00e9alable.<\/p>\n<p><u>Traceurs exempt\u00e9s\u00a0de\u00a0consentement pr\u00e9alable<\/u><\/p>\n<p class=\"Normal-justifi\">Nous utilisons ces traceurs pour stocker votre pr\u00e9f\u00e9rence de langue sur notre site.<\/p>\n<p class=\"Normal-justifi\">Ces traceurs ne peuvent pas, techniquement, \u00eatre d\u00e9sactiv\u00e9s depuis le site. Vous pouvez n\u00e9anmoins vous opposer \u00e0 l&#8217;utilisation de ces traceurs, exclusivement en param\u00e9trant votre navigateur. Ce param\u00e9trage d\u00e9pend du navigateur que vous utilisez, mais il est en g\u00e9n\u00e9ral simple \u00e0 r\u00e9aliser : en principe, vous pouvez soit activer une fonction de navigation priv\u00e9e soit uniquement interdire ou restreindre les traceurs (cookies). Attention, il se peut que des traceurs aient \u00e9t\u00e9 enregistr\u00e9s sur votre p\u00e9riph\u00e9rique avant le param\u00e9trage de votre navigateur : dans ce cas, effacez votre historique de navigation, toujours en utilisant le param\u00e9trage de votre navigateur.<\/p>\n<p><u>Traceurs soumis \u00e0 votre consentement pr\u00e9alable<\/u><\/p>\n<p><u>Traceurs sous le contr\u00f4le de tiers<\/u><\/p>\n<p>Ces traceurs sont utilis\u00e9s r\u00e9aliser des statistiques anonymes de visites via Google Analytics.<\/p>\n<p>Vous pouvez vous opposer \u00e0 l&#8217;utilisation de ces traceurs en param\u00e9trant votre navigateur.<\/p>\n<p>L&#8217;utilisation des traceurs est r\u00e9gie par l&#8217;article 32 II de la loi n\u00b0 78-17 du 6 janvier 1978, transposant l&#8217;article 5.3 de la directive 2002\/58\/CE du parlement europ\u00e9en et du conseil du 12 juillet 2002 modifi\u00e9e par la directive 2009\/136\/CE.<\/p>\n<p>Pour en savoir plus sur les cookies et traceurs, nous vous invitons \u00e0 consulter le site de la CNIL : www.cnil.fr.<\/p>\n","protected":false},"excerpt":{"rendered":"<p>Politique d&#8217;utilisation de cookies Le site que vous visitez utilise des traceurs (cookies). Ainsi, le site est susceptible d&#8217;acc\u00e9der \u00e0 des informations d\u00e9j\u00e0 stock\u00e9es dans votre \u00e9quipement terminal de communications \u00e9lectroniques et d&#8217;y inscrire des informations. Les traceurs utilis\u00e9s par le site rel\u00e8vent de deux cat\u00e9gories : &#8211; traceurs dits strictement n\u00e9cessaires, qui ne n\u00e9cessitent [&hellip;]<\/p>\n","protected":false},"author":1,"featured_media":0,"parent":0,"menu_order":0,"comment_status":"closed","ping_status":"closed","template":"","meta":{"_monsterinsights_skip_tracking":false,"_monsterinsights_sitenote_active":false,"_monsterinsights_sitenote_note":"","_monsterinsights_sitenote_category":0,"footnotes":""},"class_list":["post-1212","page","type-page","status-publish","hentry"],"yoast_head":"<!-- This site is optimized with the Yoast SEO plugin v27.4 - https:\/\/yoast.com\/product\/yoast-seo-wordpress\/ -->\n<title>Politique d&#039;utilisation de cookies - La Cagouille<\/title>\n<meta name=\"robots\" content=\"index, follow, max-snippet:-1, max-image-preview:large, max-video-preview:-1\" \/>\n<link rel=\"canonical\" href=\"https:\/\/www.la-cagouille.com\/en\/politique-dutilisation-de-cookies\/\" \/>\n<meta property=\"og:locale\" content=\"en_US\" \/>\n<meta property=\"og:type\" content=\"article\" \/>\n<meta property=\"og:title\" content=\"Politique d&#039;utilisation de cookies - La Cagouille\" \/>\n<meta property=\"og:description\" content=\"Politique d&#8217;utilisation de cookies Le site que vous visitez utilise des traceurs (cookies). Ainsi, le site est susceptible d&#8217;acc\u00e9der \u00e0 des informations d\u00e9j\u00e0 stock\u00e9es dans votre \u00e9quipement terminal de communications \u00e9lectroniques et d&#8217;y inscrire des informations. Les traceurs utilis\u00e9s par le site rel\u00e8vent de deux cat\u00e9gories : &#8211; traceurs dits strictement n\u00e9cessaires, qui ne n\u00e9cessitent [&hellip;]\" \/>\n<meta property=\"og:url\" content=\"https:\/\/www.la-cagouille.com\/en\/politique-dutilisation-de-cookies\/\" \/>\n<meta property=\"og:site_name\" content=\"La Cagouille\" \/>\n<meta property=\"article:publisher\" content=\"https:\/\/fr-fr.facebook.com\/lacagouilleparis\/\" \/>\n<meta property=\"article:modified_time\" content=\"2015-11-23T14:05:57+00:00\" \/>\n<meta name=\"twitter:card\" content=\"summary_large_image\" \/>\n<meta name=\"twitter:label1\" content=\"Est. reading time\" \/>\n\t<meta name=\"twitter:data1\" content=\"2 minutes\" \/>\n<script type=\"application\/ld+json\" class=\"yoast-schema-graph\">{\"@context\":\"https:\\\/\\\/schema.org\",\"@graph\":[{\"@type\":\"WebPage\",\"@id\":\"https:\\\/\\\/www.la-cagouille.com\\\/en\\\/politique-dutilisation-de-cookies\\\/\",\"url\":\"https:\\\/\\\/www.la-cagouille.com\\\/en\\\/politique-dutilisation-de-cookies\\\/\",\"name\":\"Politique d'utilisation de cookies - La Cagouille\",\"isPartOf\":{\"@id\":\"https:\\\/\\\/www.la-cagouille.com\\\/#website\"},\"datePublished\":\"2015-10-20T16:02:37+00:00\",\"dateModified\":\"2015-11-23T14:05:57+00:00\",\"breadcrumb\":{\"@id\":\"https:\\\/\\\/www.la-cagouille.com\\\/en\\\/politique-dutilisation-de-cookies\\\/#breadcrumb\"},\"inLanguage\":\"en-US\",\"potentialAction\":[{\"@type\":\"ReadAction\",\"target\":[\"https:\\\/\\\/www.la-cagouille.com\\\/en\\\/politique-dutilisation-de-cookies\\\/\"]}]},{\"@type\":\"BreadcrumbList\",\"@id\":\"https:\\\/\\\/www.la-cagouille.com\\\/en\\\/politique-dutilisation-de-cookies\\\/#breadcrumb\",\"itemListElement\":[{\"@type\":\"ListItem\",\"position\":1,\"name\":\"Home\",\"item\":\"https:\\\/\\\/www.la-cagouille.com\\\/en\\\/\"},{\"@type\":\"ListItem\",\"position\":2,\"name\":\"Politique d&#8217;utilisation de cookies\"}]},{\"@type\":\"WebSite\",\"@id\":\"https:\\\/\\\/www.la-cagouille.com\\\/#website\",\"url\":\"https:\\\/\\\/www.la-cagouille.com\\\/\",\"name\":\"La Cagouille\",\"description\":\"Poisons, vin, cognac\",\"potentialAction\":[{\"@type\":\"SearchAction\",\"target\":{\"@type\":\"EntryPoint\",\"urlTemplate\":\"https:\\\/\\\/www.la-cagouille.com\\\/?s={search_term_string}\"},\"query-input\":{\"@type\":\"PropertyValueSpecification\",\"valueRequired\":true,\"valueName\":\"search_term_string\"}}],\"inLanguage\":\"en-US\"}]}<\/script>\n<!-- \/ Yoast SEO plugin. -->","yoast_head_json":{"title":"Politique d'utilisation de cookies - La Cagouille","robots":{"index":"index","follow":"follow","max-snippet":"max-snippet:-1","max-image-preview":"max-image-preview:large","max-video-preview":"max-video-preview:-1"},"canonical":"https:\/\/www.la-cagouille.com\/en\/politique-dutilisation-de-cookies\/","og_locale":"en_US","og_type":"article","og_title":"Politique d'utilisation de cookies - La Cagouille","og_description":"Politique d&#8217;utilisation de cookies Le site que vous visitez utilise des traceurs (cookies). Ainsi, le site est susceptible d&#8217;acc\u00e9der \u00e0 des informations d\u00e9j\u00e0 stock\u00e9es dans votre \u00e9quipement terminal de communications \u00e9lectroniques et d&#8217;y inscrire des informations. Les traceurs utilis\u00e9s par le site rel\u00e8vent de deux cat\u00e9gories : &#8211; traceurs dits strictement n\u00e9cessaires, qui ne n\u00e9cessitent [&hellip;]","og_url":"https:\/\/www.la-cagouille.com\/en\/politique-dutilisation-de-cookies\/","og_site_name":"La Cagouille","article_publisher":"https:\/\/fr-fr.facebook.com\/lacagouilleparis\/","article_modified_time":"2015-11-23T14:05:57+00:00","twitter_card":"summary_large_image","twitter_misc":{"Est. reading time":"2 minutes"},"schema":{"@context":"https:\/\/schema.org","@graph":[{"@type":"WebPage","@id":"https:\/\/www.la-cagouille.com\/en\/politique-dutilisation-de-cookies\/","url":"https:\/\/www.la-cagouille.com\/en\/politique-dutilisation-de-cookies\/","name":"Politique d'utilisation de cookies - La Cagouille","isPartOf":{"@id":"https:\/\/www.la-cagouille.com\/#website"},"datePublished":"2015-10-20T16:02:37+00:00","dateModified":"2015-11-23T14:05:57+00:00","breadcrumb":{"@id":"https:\/\/www.la-cagouille.com\/en\/politique-dutilisation-de-cookies\/#breadcrumb"},"inLanguage":"en-US","potentialAction":[{"@type":"ReadAction","target":["https:\/\/www.la-cagouille.com\/en\/politique-dutilisation-de-cookies\/"]}]},{"@type":"BreadcrumbList","@id":"https:\/\/www.la-cagouille.com\/en\/politique-dutilisation-de-cookies\/#breadcrumb","itemListElement":[{"@type":"ListItem","position":1,"name":"Home","item":"https:\/\/www.la-cagouille.com\/en\/"},{"@type":"ListItem","position":2,"name":"Politique d&#8217;utilisation de cookies"}]},{"@type":"WebSite","@id":"https:\/\/www.la-cagouille.com\/#website","url":"https:\/\/www.la-cagouille.com\/","name":"La Cagouille","description":"Poisons, vin, cognac","potentialAction":[{"@type":"SearchAction","target":{"@type":"EntryPoint","urlTemplate":"https:\/\/www.la-cagouille.com\/?s={search_term_string}"},"query-input":{"@type":"PropertyValueSpecification","valueRequired":true,"valueName":"search_term_string"}}],"inLanguage":"en-US"}]}},"wps_subtitle":"","_links":{"self":[{"href":"https:\/\/www.la-cagouille.com\/en\/wp-json\/wp\/v2\/pages\/1212","targetHints":{"allow":["GET"]}}],"collection":[{"href":"https:\/\/www.la-cagouille.com\/en\/wp-json\/wp\/v2\/pages"}],"about":[{"href":"https:\/\/www.la-cagouille.com\/en\/wp-json\/wp\/v2\/types\/page"}],"author":[{"embeddable":true,"href":"https:\/\/www.la-cagouille.com\/en\/wp-json\/wp\/v2\/users\/1"}],"replies":[{"embeddable":true,"href":"https:\/\/www.la-cagouille.com\/en\/wp-json\/wp\/v2\/comments?post=1212"}],"version-history":[{"count":2,"href":"https:\/\/www.la-cagouille.com\/en\/wp-json\/wp\/v2\/pages\/1212\/revisions"}],"predecessor-version":[{"id":1236,"href":"https:\/\/www.la-cagouille.com\/en\/wp-json\/wp\/v2\/pages\/1212\/revisions\/1236"}],"wp:attachment":[{"href":"https:\/\/www.la-cagouille.com\/en\/wp-json\/wp\/v2\/media?parent=1212"}],"curies":[{"name":"wp","href":"https:\/\/api.w.org\/{rel}","templated":true}]}}